{"id":39,"date":"2023-01-16T13:14:25","date_gmt":"2023-01-16T13:14:25","guid":{"rendered":"https:\/\/croatia-tours.com\/about-us\/"},"modified":"2024-03-25T13:49:19","modified_gmt":"2024-03-25T13:49:19","slug":"sobre-nos","status":"publish","type":"page","link":"https:\/\/croatia-tours.com\/pt\/about-us\/","title":{"rendered":"Sobre n\u00f3s"},"content":{"rendered":"<p>Desde a nossa cria\u00e7\u00e3o em <strong>2015<\/strong>Desde o in\u00edcio da nossa atividade, temos gostado de espalhar o nosso amor pelas viagens e pela explora\u00e7\u00e3o. Testemunh\u00e1mos a forma como as viagens podem transformar vidas e iluminar esp\u00edritos, e estamos empenhados em ajudar os nossos clientes a viver esses momentos transformadores, especialmente quando est\u00e3o a revelar a magia de pa\u00edses que nos s\u00e3o queridos.<\/p>\n\n\n\n<p>A Cro\u00e1cia \u00e9 um desses pa\u00edses. Aninhada junto ao Mar Adri\u00e1tico, \u00e9 uma terra onde a hist\u00f3ria conversa com a modernidade e onde a beleza natural permanece imaculada, provocando admira\u00e7\u00e3o em cada esquina.<\/p>\n\n\n\n<figure class=\"wp-block-image size-large\"><img loading=\"lazy\" decoding=\"async\" width=\"1024\" height=\"682\" src=\"https:\/\/croatia-tours.com\/wp-content\/uploads\/beautiful-town-vrbnik-krk-island-croatia-aerial-view-stockpack-adobe-stock-1024x682.webp\" alt=\"Bela cidade de Vrbnik, ilha de Krk, Cro\u00e1cia, vista a\u00e9rea\" class=\"wp-image-2133\" srcset=\"https:\/\/croatia-tours.com\/wp-content\/uploads\/beautiful-town-vrbnik-krk-island-croatia-aerial-view-stockpack-adobe-stock-1024x682.webp 1024w, https:\/\/croatia-tours.com\/wp-content\/uploads\/beautiful-town-vrbnik-krk-island-croatia-aerial-view-stockpack-adobe-stock-300x200.webp 300w, https:\/\/croatia-tours.com\/wp-content\/uploads\/beautiful-town-vrbnik-krk-island-croatia-aerial-view-stockpack-adobe-stock-768x512.webp 768w, https:\/\/croatia-tours.com\/wp-content\/uploads\/beautiful-town-vrbnik-krk-island-croatia-aerial-view-stockpack-adobe-stock-1536x1023.webp 1536w, https:\/\/croatia-tours.com\/wp-content\/uploads\/beautiful-town-vrbnik-krk-island-croatia-aerial-view-stockpack-adobe-stock-2048x1364.webp 2048w, https:\/\/croatia-tours.com\/wp-content\/uploads\/beautiful-town-vrbnik-krk-island-croatia-aerial-view-stockpack-adobe-stock-18x12.webp 18w, https:\/\/croatia-tours.com\/wp-content\/uploads\/beautiful-town-vrbnik-krk-island-croatia-aerial-view-stockpack-adobe-stock-scaled.webp 1920w\" sizes=\"auto, (max-width: 1024px) 100vw, 1024px\" \/><\/figure>\n\n\n\n<p>Imagine isto: antigas ru\u00ednas romanas que sussurram hist\u00f3rias de outrora, encantadoras ruas de cal\u00e7ada que conduzem a acolhedores restaurantes que servem del\u00edcias gastron\u00f3micas e praias onde os seixos e a areia executam uma sinfonia sob os seus p\u00e9s.&nbsp;<\/p>\n\n\n\n<p>Ou imagine perder-se na exuberante natureza selvagem dos parques nacionais escondidos, embarcar numa viagem pelas ilhas ou, quem sabe, ver o seu cora\u00e7\u00e3o acelerar numa aventura inesperada. \u00c9 a Cro\u00e1cia para si, uma joia que se recusa a caber em qualquer caixa.<\/p>\n\n\n\n<p>Mas a nossa ag\u00eancia de viagens para a Cro\u00e1cia n\u00e3o queria que ningu\u00e9m perdesse esta beleza e estas experi\u00eancias t\u00e3o ricas. Tamb\u00e9m n\u00e3o quer\u00edamos que se sentissem sobrecarregados por onde come\u00e7ar ou o que explorar. \u00c9 a\u00ed que n\u00f3s entramos, para trazer a Cro\u00e1cia para mais perto de si, para lan\u00e7ar luz sobre as suas maravilhas escondidas, e para garantir que <strong>viver a experi\u00eancia da forma mais aut\u00eantica poss\u00edvel<\/strong>.<\/p>\n\n\n\n<h2 class=\"wp-block-heading\">Conhe\u00e7a a nossa equipa<\/h2>\n\n\n\n<p>A nossa equipa \u00e9 composta por <strong>profissionais de viagens experientes<\/strong> que, honestamente, conhecem a Cro\u00e1cia como a palma das suas m\u00e3os. Aventur\u00e1mo-nos, explor\u00e1mos, fic\u00e1mos hipnotizados e regress\u00e1mos, apenas para partir de novo. O nosso amor pelas viagens e as nossas experi\u00eancias equipam-nos para compreender as expectativas e aspira\u00e7\u00f5es de um viajante \u00e1vido.<\/p>\n\n\n\n<figure class=\"wp-block-image size-full\"><img loading=\"lazy\" decoding=\"async\" width=\"1000\" height=\"667\" src=\"https:\/\/croatia-tours.com\/wp-content\/uploads\/omis-zipline.webp\" alt=\"Omis zipline\" class=\"wp-image-2082\" srcset=\"https:\/\/croatia-tours.com\/wp-content\/uploads\/omis-zipline.webp 1000w, https:\/\/croatia-tours.com\/wp-content\/uploads\/omis-zipline-300x200.webp 300w, https:\/\/croatia-tours.com\/wp-content\/uploads\/omis-zipline-768x512.webp 768w, https:\/\/croatia-tours.com\/wp-content\/uploads\/omis-zipline-18x12.webp 18w\" sizes=\"auto, (max-width: 1000px) 100vw, 1000px\" \/><\/figure>\n\n\n\n<p>O que \u00e9 que n\u00f3s fazemos? Elaboramos meticulosamente itiner\u00e1rios detalhados que v\u00e3o ao encontro das suas prefer\u00eancias, asseguramos alojamentos confort\u00e1veis, organizamos actividades cheias de adrenalina, providenciamos transferes sem problemas e prestamos apoio permanente. Em suma, <strong>assumimos toda a log\u00edstica da sua viagem<\/strong> para que possa mergulhar de cabe\u00e7a na experi\u00eancia croata sem preocupa\u00e7\u00f5es.<\/p>\n\n\n\n<h2 class=\"wp-block-heading\">Embarque numa aventura croata<\/h2>\n\n\n\n<p>\u00c9 altura de guardar o mapa e deixar o cora\u00e7\u00e3o guiar o caminho. Est\u00e1 bem, talvez mantenha o mapa; est\u00e1 sempre \u00e0 m\u00e3o. Mas lembre-se, h\u00e1 muito mais para descobrir fora da grelha! As nossas excurs\u00f5es \u00e0 Cro\u00e1cia, cuidadosamente seleccionadas, est\u00e3o \u00e0 sua espera, prontas a revelar uma hist\u00f3ria de aventura, cultura e beleza que o vai encantar.<\/p>\n\n\n\n<p>Permita-nos colocar a quest\u00e3o: Aceitar\u00e1 a Cro\u00e1cia como o seu destino de viagem preferido? Pode ter a certeza de que \u00e9 o tipo de compromisso que vem com praias deslumbrantes, gastronomia deliciosa, cidades antigas e aventuras inesquec\u00edveis!<\/p>\n\n\n\n<figure class=\"wp-block-image size-large\"><img loading=\"lazy\" decoding=\"async\" width=\"1024\" height=\"651\" src=\"https:\/\/croatia-tours.com\/wp-content\/uploads\/young-woman-looks-over-the-waterfalls-of-the-krka-river-in-krka-national-park-in-croatia-stockpack-adobe-stock-1024x651.webp\" alt=\"Mulher jovem olha para as quedas de \u00e1gua do rio Krka no parque nacional de Krka, na Cro\u00e1cia\" class=\"wp-image-2020\" srcset=\"https:\/\/croatia-tours.com\/wp-content\/uploads\/young-woman-looks-over-the-waterfalls-of-the-krka-river-in-krka-national-park-in-croatia-stockpack-adobe-stock-1024x651.webp 1024w, https:\/\/croatia-tours.com\/wp-content\/uploads\/young-woman-looks-over-the-waterfalls-of-the-krka-river-in-krka-national-park-in-croatia-stockpack-adobe-stock-300x191.webp 300w, https:\/\/croatia-tours.com\/wp-content\/uploads\/young-woman-looks-over-the-waterfalls-of-the-krka-river-in-krka-national-park-in-croatia-stockpack-adobe-stock-768x488.webp 768w, https:\/\/croatia-tours.com\/wp-content\/uploads\/young-woman-looks-over-the-waterfalls-of-the-krka-river-in-krka-national-park-in-croatia-stockpack-adobe-stock-1536x976.webp 1536w, https:\/\/croatia-tours.com\/wp-content\/uploads\/young-woman-looks-over-the-waterfalls-of-the-krka-river-in-krka-national-park-in-croatia-stockpack-adobe-stock-2048x1302.webp 2048w, https:\/\/croatia-tours.com\/wp-content\/uploads\/young-woman-looks-over-the-waterfalls-of-the-krka-river-in-krka-national-park-in-croatia-stockpack-adobe-stock-18x12.webp 18w, https:\/\/croatia-tours.com\/wp-content\/uploads\/young-woman-looks-over-the-waterfalls-of-the-krka-river-in-krka-national-park-in-croatia-stockpack-adobe-stock-scaled.webp 1920w\" sizes=\"auto, (max-width: 1024px) 100vw, 1024px\" \/><\/figure>\n\n\n\n<p>Por isso, dirija-se a <a href=\"https:\/\/croatia-tours.com\/pt\/pacotes-de-ferias\/\">Pacotes de f\u00e9rias para a Cro\u00e1cia<\/a>D\u00ea uma vista de olhos e vamos come\u00e7ar a planear juntos a viagem da sua vida. Afinal de contas, n\u00e3o est\u00e1 na altura de riscar \"Apaixonar-se pela Cro\u00e1cia\" da sua lista de desejos? N\u00f3s tamb\u00e9m achamos que sim! Preencha o nosso <a href=\"https:\/\/croatia-tours.com\/pt\/inquerito\/\">formul\u00e1rio de inqu\u00e9rito<\/a>e vemo-nos em breve no pa\u00eds das mil ilhas!<\/p>\n\n\n\n<p>Existem tamb\u00e9m outras formas de desfrutar da Cro\u00e1cia, pelo que pode consultar os nossos parceiros se algum lhe chamar a aten\u00e7\u00e3o:<\/p>\n\n\n\n<ul class=\"wp-block-list\">\n<li><a href=\"https:\/\/activityholidayscroatia.com\/\">F\u00e9rias de actividades na Cro\u00e1cia<\/a><\/li>\n\n\n\n<li><a href=\"https:\/\/familyholidayscroatia.com\/\">F\u00e9rias em fam\u00edlia na Cro\u00e1cia<\/a><\/li>\n\n\n\n<li><a href=\"https:\/\/croatiaislandcruises.com\/\">Cruzeiros nas ilhas da Cro\u00e1cia<\/a><\/li>\n\n\n\n<li><a href=\"https:\/\/luxuryyachtchartercroatia.com\/\">Aluguer de iates de luxo na Cro\u00e1cia<\/a><\/li>\n\n\n\n<li><a href=\"https:\/\/croatia-gulet.com\/\">Gulet Cro\u00e1cia<\/a><\/li>\n\n\n\n<li><a href=\"https:\/\/smallshipcruisescroatia.com\/\">Cruzeiros em navios pequenos Cro\u00e1cia<\/a><\/li>\n\n\n\n<li><a href=\"https:\/\/bikeandboatcroatia.com\/\">Bicicleta e barco Cro\u00e1cia<\/a><\/li>\n\n\n\n<li><a href=\"https:\/\/cyclingholidayscroatia.com\/\">F\u00e9rias de bicicleta na Cro\u00e1cia<\/a><\/li>\n\n\n\n<li><a href=\"https:\/\/walkingholidayscroatia.com\/\">F\u00e9rias de caminhadas na Cro\u00e1cia<\/a><\/li>\n<\/ul>\n\n\n\n<p>Ou se o destino n\u00e3o for do seu agrado, pode consultar os nossos parceiros noutros pa\u00edses:<\/p>\n\n\n\n<ul class=\"wp-block-list\">\n<li><a href=\"https:\/\/sloveniatours.com\/\">Eslov\u00e9nia Tours<\/a><\/li>\n\n\n\n<li><a href=\"http:\/\/thescotlandtours.com\" data-type=\"link\" data-id=\"thescotlandtours.com\">Excurs\u00f5es na Esc\u00f3cia<\/a><\/li>\n<\/ul>","protected":false},"excerpt":{"rendered":"<p>Desde a nossa cria\u00e7\u00e3o em 2015, temos gostado de espalhar o nosso amor por viagens e explora\u00e7\u00e3o. Testemunh\u00e1mos a forma como as viagens podem transformar vidas e iluminar esp\u00edritos, e estamos empenhados em ajudar os nossos clientes a viver esses momentos transformadores, especialmente quando est\u00e3o a desvendar a magia de pa\u00edses que nos s\u00e3o queridos. A Cro\u00e1cia \u00e9 um desses ... <a href=\"https:\/\/croatia-tours.com\/pt\/about-us\/\">Continua\u00e7\u00e3o<\/a><\/p>","protected":false},"author":38,"featured_media":2170,"parent":0,"menu_order":0,"comment_status":"open","ping_status":"open","template":"","meta":{"footnotes":""},"class_list":["post-39","page","type-page","status-publish","has-post-thumbnail","hentry"],"acf":{"page_subheading":"Discover the passionate team behind our Croatia travel agency, committed to curating unforgettable travel adventures for people around the world since 2015."},"_links":{"self":[{"href":"https:\/\/croatia-tours.com\/pt\/wp-json\/wp\/v2\/pages\/39","targetHints":{"allow":["GET"]}}],"collection":[{"href":"https:\/\/croatia-tours.com\/pt\/wp-json\/wp\/v2\/pages"}],"about":[{"href":"https:\/\/croatia-tours.com\/pt\/wp-json\/wp\/v2\/types\/page"}],"author":[{"embeddable":true,"href":"https:\/\/croatia-tours.com\/pt\/wp-json\/wp\/v2\/users\/38"}],"replies":[{"embeddable":true,"href":"https:\/\/croatia-tours.com\/pt\/wp-json\/wp\/v2\/comments?post=39"}],"version-history":[{"count":5,"href":"https:\/\/croatia-tours.com\/pt\/wp-json\/wp\/v2\/pages\/39\/revisions"}],"predecessor-version":[{"id":10491,"href":"https:\/\/croatia-tours.com\/pt\/wp-json\/wp\/v2\/pages\/39\/revisions\/10491"}],"wp:featuredmedia":[{"embeddable":true,"href":"https:\/\/croatia-tours.com\/pt\/wp-json\/wp\/v2\/media\/2170"}],"wp:attachment":[{"href":"https:\/\/croatia-tours.com\/pt\/wp-json\/wp\/v2\/media?parent=39"}],"curies":[{"name":"wp","href":"https:\/\/api.w.org\/{rel}","templated":true}]}}