{"id":39,"date":"2023-01-16T13:14:25","date_gmt":"2023-01-16T13:14:25","guid":{"rendered":"https:\/\/croatia-tours.com\/about-us\/"},"modified":"2024-03-25T13:49:19","modified_gmt":"2024-03-25T13:49:19","slug":"chi-siamo","status":"publish","type":"page","link":"https:\/\/croatia-tours.com\/it\/about-us\/","title":{"rendered":"Chi siamo"},"content":{"rendered":"<p>Fin dall'inizio della nostra attivit\u00e0 <strong>2015<\/strong>Abbiamo sempre desiderato diffondere il nostro amore per i viaggi e l'esplorazione. Siamo stati testimoni del modo in cui i viaggi possono trasformare le vite e illuminare gli spiriti e ci impegniamo ad aiutare i nostri clienti a vivere questi momenti di trasformazione, soprattutto quando si tratta di svelare la magia di paesi che ci stanno a cuore.<\/p>\n\n\n\n<p>La Croazia \u00e8 uno di questi Paesi. Adagiata sul Mare Adriatico, \u00e8 una terra in cui la storia dialoga con la modernit\u00e0 e le bellezze naturali si ergono incontaminate, evocando stupore a ogni angolo.<\/p>\n\n\n\n<figure class=\"wp-block-image size-large\"><img loading=\"lazy\" decoding=\"async\" width=\"1024\" height=\"682\" src=\"https:\/\/croatia-tours.com\/wp-content\/uploads\/beautiful-town-vrbnik-krk-island-croatia-aerial-view-stockpack-adobe-stock-1024x682.webp\" alt=\"La bella citt\u00e0 di Vrbnik, isola di Krk, Croazia, vista aerea\" class=\"wp-image-2133\" srcset=\"https:\/\/croatia-tours.com\/wp-content\/uploads\/beautiful-town-vrbnik-krk-island-croatia-aerial-view-stockpack-adobe-stock-1024x682.webp 1024w, https:\/\/croatia-tours.com\/wp-content\/uploads\/beautiful-town-vrbnik-krk-island-croatia-aerial-view-stockpack-adobe-stock-300x200.webp 300w, https:\/\/croatia-tours.com\/wp-content\/uploads\/beautiful-town-vrbnik-krk-island-croatia-aerial-view-stockpack-adobe-stock-768x512.webp 768w, https:\/\/croatia-tours.com\/wp-content\/uploads\/beautiful-town-vrbnik-krk-island-croatia-aerial-view-stockpack-adobe-stock-1536x1023.webp 1536w, https:\/\/croatia-tours.com\/wp-content\/uploads\/beautiful-town-vrbnik-krk-island-croatia-aerial-view-stockpack-adobe-stock-2048x1364.webp 2048w, https:\/\/croatia-tours.com\/wp-content\/uploads\/beautiful-town-vrbnik-krk-island-croatia-aerial-view-stockpack-adobe-stock-18x12.webp 18w, https:\/\/croatia-tours.com\/wp-content\/uploads\/beautiful-town-vrbnik-krk-island-croatia-aerial-view-stockpack-adobe-stock-scaled.webp 1920w\" sizes=\"auto, (max-width: 1024px) 100vw, 1024px\" \/><\/figure>\n\n\n\n<p>Immaginate questo: antiche rovine romane che sussurrano storie di un tempo, affascinanti strade di ciottoli che conducono ad accoglienti ristoranti che servono delizie gastronomiche e spiagge dove ciottoli e sabbia eseguono una sinfonia sotto i vostri piedi.&nbsp;<\/p>\n\n\n\n<p>Oppure immaginate di perdervi nella lussureggiante natura selvaggia dei parchi nazionali nascosti, di imbarcarvi in una gita sulle isole, o magari di farvi battere il cuore in un'avventura inaspettata. Questa \u00e8 la Croazia per voi, un gioiello che si rifiuta di entrare in qualsiasi scatola.<\/p>\n\n\n\n<p>Ma il punto \u00e8 che la nostra agenzia di viaggi in Croazia non voleva che nessuno si perdesse questa bellezza e questa ricchezza di esperienze. N\u00e9 volevamo che si sentissero sopraffatti da dove iniziare o da cosa esplorare. \u00c8 qui che entriamo in gioco noi, per portare la Croazia pi\u00f9 vicina a voi, per far luce sulle sue meraviglie nascoste e per assicurarci che voi <strong>viverla nel modo pi\u00f9 autentico possibile<\/strong>.<\/p>\n\n\n\n<h2 class=\"wp-block-heading\">Incontrare il nostro team<\/h2>\n\n\n\n<p>Il nostro team \u00e8 composto da <strong>professionisti di viaggio esperti<\/strong> che, onestamente, conoscono la Croazia come le loro tasche. Ci siamo avventurati, abbiamo esplorato, siamo stati ipnotizzati e siamo tornati, per poi ripartire. Il nostro amore per i viaggi e le nostre esperienze ci permettono di capire le aspettative e le aspirazioni di un viaggiatore appassionato.<\/p>\n\n\n\n<figure class=\"wp-block-image size-full\"><img loading=\"lazy\" decoding=\"async\" width=\"1000\" height=\"667\" src=\"https:\/\/croatia-tours.com\/wp-content\/uploads\/omis-zipline.webp\" alt=\"Zipline Omis\" class=\"wp-image-2082\" srcset=\"https:\/\/croatia-tours.com\/wp-content\/uploads\/omis-zipline.webp 1000w, https:\/\/croatia-tours.com\/wp-content\/uploads\/omis-zipline-300x200.webp 300w, https:\/\/croatia-tours.com\/wp-content\/uploads\/omis-zipline-768x512.webp 768w, https:\/\/croatia-tours.com\/wp-content\/uploads\/omis-zipline-18x12.webp 18w\" sizes=\"auto, (max-width: 1000px) 100vw, 1000px\" \/><\/figure>\n\n\n\n<p>Cosa facciamo? Realizziamo meticolosamente itinerari dettagliati in linea con le vostre preferenze, assicuriamo sistemazioni confortevoli, organizziamo attivit\u00e0 adrenaliniche, organizziamo trasferimenti senza interruzioni e forniamo assistenza 24 ore su 24. In sostanza, <strong>ci occupiamo di tutta la logistica del viaggio<\/strong> in modo da potersi tuffare a capofitto nell'esperienza croata senza preoccupazioni.<\/p>\n\n\n\n<h2 class=\"wp-block-heading\">Avventura in Croazia<\/h2>\n\n\n\n<p>\u00c8 ora di riporre la mappa e lasciare che sia il cuore a guidare la strada. Ok, magari tenete la mappa; \u00e8 sempre a portata di mano. Ma ricordate, c'\u00e8 molto di pi\u00f9 da scoprire al di fuori della rete! I nostri tour in Croazia, accuratamente selezionati, vi aspettano, pronti a raccontarvi una storia di avventura, cultura e bellezza che vi affasciner\u00e0.<\/p>\n\n\n\n<p>Permetteteci di porre la domanda: Volete che la Croazia diventi la vostra amata meta di viaggio? Siate certi che si tratta di un impegno che prevede spiagge meravigliose, una cucina deliziosa, citt\u00e0 antiche e avventure indimenticabili!<\/p>\n\n\n\n<figure class=\"wp-block-image size-large\"><img loading=\"lazy\" decoding=\"async\" width=\"1024\" height=\"651\" src=\"https:\/\/croatia-tours.com\/wp-content\/uploads\/young-woman-looks-over-the-waterfalls-of-the-krka-river-in-krka-national-park-in-croatia-stockpack-adobe-stock-1024x651.webp\" alt=\"Giovane donna guarda le cascate del fiume Krka nel parco nazionale di Krka in Croazia\" class=\"wp-image-2020\" srcset=\"https:\/\/croatia-tours.com\/wp-content\/uploads\/young-woman-looks-over-the-waterfalls-of-the-krka-river-in-krka-national-park-in-croatia-stockpack-adobe-stock-1024x651.webp 1024w, https:\/\/croatia-tours.com\/wp-content\/uploads\/young-woman-looks-over-the-waterfalls-of-the-krka-river-in-krka-national-park-in-croatia-stockpack-adobe-stock-300x191.webp 300w, https:\/\/croatia-tours.com\/wp-content\/uploads\/young-woman-looks-over-the-waterfalls-of-the-krka-river-in-krka-national-park-in-croatia-stockpack-adobe-stock-768x488.webp 768w, https:\/\/croatia-tours.com\/wp-content\/uploads\/young-woman-looks-over-the-waterfalls-of-the-krka-river-in-krka-national-park-in-croatia-stockpack-adobe-stock-1536x976.webp 1536w, https:\/\/croatia-tours.com\/wp-content\/uploads\/young-woman-looks-over-the-waterfalls-of-the-krka-river-in-krka-national-park-in-croatia-stockpack-adobe-stock-2048x1302.webp 2048w, https:\/\/croatia-tours.com\/wp-content\/uploads\/young-woman-looks-over-the-waterfalls-of-the-krka-river-in-krka-national-park-in-croatia-stockpack-adobe-stock-18x12.webp 18w, https:\/\/croatia-tours.com\/wp-content\/uploads\/young-woman-looks-over-the-waterfalls-of-the-krka-river-in-krka-national-park-in-croatia-stockpack-adobe-stock-scaled.webp 1920w\" sizes=\"auto, (max-width: 1024px) 100vw, 1024px\" \/><\/figure>\n\n\n\n<p>Quindi, andate a <a href=\"https:\/\/croatia-tours.com\/it\/pacchetti-vacanza\/\">Pacchetti vacanza in Croazia<\/a>Date un'occhiata e iniziamo a pianificare insieme il viaggio della vostra vita. Dopotutto, non \u00e8 forse giunto il momento di cancellare \"Innamorarsi della Croazia\" dalla vostra lista dei desideri? Lo pensiamo anche noi! Compilate il nostro <a href=\"https:\/\/croatia-tours.com\/it\/inchiesta\/\">modulo di richiesta<\/a>e ci vediamo presto nella terra delle mille isole!<\/p>\n\n\n\n<p>Ci sono anche altri modi per godersi la Croazia, quindi potete consultare i nostri partner se qualcuno attira la vostra attenzione:<\/p>\n\n\n\n<ul class=\"wp-block-list\">\n<li><a href=\"https:\/\/activityholidayscroatia.com\/\">Vacanze attive in Croazia<\/a><\/li>\n\n\n\n<li><a href=\"https:\/\/familyholidayscroatia.com\/\">Vacanze in famiglia in Croazia<\/a><\/li>\n\n\n\n<li><a href=\"https:\/\/croatiaislandcruises.com\/\">Crociere sulle isole della Croazia<\/a><\/li>\n\n\n\n<li><a href=\"https:\/\/luxuryyachtchartercroatia.com\/\">Noleggio barche di lusso in Croazia<\/a><\/li>\n\n\n\n<li><a href=\"https:\/\/croatia-gulet.com\/\">Caicco Croazia<\/a><\/li>\n\n\n\n<li><a href=\"https:\/\/smallshipcruisescroatia.com\/\">Crociere con piccole navi in Croazia<\/a><\/li>\n\n\n\n<li><a href=\"https:\/\/bikeandboatcroatia.com\/\">Bici e barca Croazia<\/a><\/li>\n\n\n\n<li><a href=\"https:\/\/cyclingholidayscroatia.com\/\">Vacanze in bicicletta in Croazia<\/a><\/li>\n\n\n\n<li><a href=\"https:\/\/walkingholidayscroatia.com\/\">Vacanze a piedi in Croazia<\/a><\/li>\n<\/ul>\n\n\n\n<p>Oppure, se \u00e8 la destinazione che non rientra nelle vostre preferenze, potete consultare i nostri partner in altri Paesi:<\/p>\n\n\n\n<ul class=\"wp-block-list\">\n<li><a href=\"https:\/\/sloveniatours.com\/\">Tour della Slovenia<\/a><\/li>\n\n\n\n<li><a href=\"http:\/\/thescotlandtours.com\" data-type=\"link\" data-id=\"thescotlandtours.com\">I tour della Scozia<\/a><\/li>\n<\/ul>","protected":false},"excerpt":{"rendered":"<p>Sin dalla nostra nascita, nel 2015, ci siamo divertiti a diffondere il nostro amore per i viaggi e l'esplorazione. Siamo stati testimoni del modo in cui i viaggi possono trasformare le vite e illuminare gli spiriti e ci impegniamo ad aiutare i nostri clienti a vivere questi momenti di trasformazione, soprattutto quando si tratta di svelare la magia di Paesi che ci stanno a cuore. La Croazia \u00e8 uno di questi ... <a href=\"https:\/\/croatia-tours.com\/it\/about-us\/\">Continua<\/a><\/p>","protected":false},"author":38,"featured_media":2170,"parent":0,"menu_order":0,"comment_status":"open","ping_status":"open","template":"","meta":{"footnotes":""},"class_list":["post-39","page","type-page","status-publish","has-post-thumbnail","hentry"],"acf":{"page_subheading":"Discover the passionate team behind our Croatia travel agency, committed to curating unforgettable travel adventures for people around the world since 2015."},"_links":{"self":[{"href":"https:\/\/croatia-tours.com\/it\/wp-json\/wp\/v2\/pages\/39","targetHints":{"allow":["GET"]}}],"collection":[{"href":"https:\/\/croatia-tours.com\/it\/wp-json\/wp\/v2\/pages"}],"about":[{"href":"https:\/\/croatia-tours.com\/it\/wp-json\/wp\/v2\/types\/page"}],"author":[{"embeddable":true,"href":"https:\/\/croatia-tours.com\/it\/wp-json\/wp\/v2\/users\/38"}],"replies":[{"embeddable":true,"href":"https:\/\/croatia-tours.com\/it\/wp-json\/wp\/v2\/comments?post=39"}],"version-history":[{"count":5,"href":"https:\/\/croatia-tours.com\/it\/wp-json\/wp\/v2\/pages\/39\/revisions"}],"predecessor-version":[{"id":10491,"href":"https:\/\/croatia-tours.com\/it\/wp-json\/wp\/v2\/pages\/39\/revisions\/10491"}],"wp:featuredmedia":[{"embeddable":true,"href":"https:\/\/croatia-tours.com\/it\/wp-json\/wp\/v2\/media\/2170"}],"wp:attachment":[{"href":"https:\/\/croatia-tours.com\/it\/wp-json\/wp\/v2\/media?parent=39"}],"curies":[{"name":"wp","href":"https:\/\/api.w.org\/{rel}","templated":true}]}}