{"id":39,"date":"2023-01-16T13:14:25","date_gmt":"2023-01-16T13:14:25","guid":{"rendered":"https:\/\/croatia-tours.com\/about-us\/"},"modified":"2024-03-25T13:49:19","modified_gmt":"2024-03-25T13:49:19","slug":"a-propos-de-nous","status":"publish","type":"page","link":"https:\/\/croatia-tours.com\/fr\/about-us\/","title":{"rendered":"A propos de nous"},"content":{"rendered":"<p>Depuis notre cr\u00e9ation en <strong>2015<\/strong>Depuis le d\u00e9but de l'ann\u00e9e, nous avons pris plaisir \u00e0 transmettre notre amour du voyage et de l'exploration. Nous avons \u00e9t\u00e9 t\u00e9moins de la fa\u00e7on dont les voyages peuvent transformer les vies et illuminer les esprits, et nous nous engageons \u00e0 aider nos clients \u00e0 vivre ces moments de transformation, en particulier lorsqu'ils d\u00e9voilent la magie de pays qui nous tiennent \u00e0 c\u0153ur.<\/p>\n\n\n\n<p>La Croatie est l'un de ces pays. Nich\u00e9e au bord de la mer Adriatique, c'est une terre o\u00f9 l'histoire dialogue avec la modernit\u00e9 et o\u00f9 la beaut\u00e9 naturelle est intacte, suscitant l'\u00e9merveillement \u00e0 chaque coin de rue.<\/p>\n\n\n\n<figure class=\"wp-block-image size-large\"><img loading=\"lazy\" decoding=\"async\" width=\"1024\" height=\"682\" src=\"https:\/\/croatia-tours.com\/wp-content\/uploads\/beautiful-town-vrbnik-krk-island-croatia-aerial-view-stockpack-adobe-stock-1024x682.webp\" alt=\"Belle ville de Vrbnik, \u00eele de Krk, Croatie, vue a\u00e9rienne\" class=\"wp-image-2133\" srcset=\"https:\/\/croatia-tours.com\/wp-content\/uploads\/beautiful-town-vrbnik-krk-island-croatia-aerial-view-stockpack-adobe-stock-1024x682.webp 1024w, https:\/\/croatia-tours.com\/wp-content\/uploads\/beautiful-town-vrbnik-krk-island-croatia-aerial-view-stockpack-adobe-stock-300x200.webp 300w, https:\/\/croatia-tours.com\/wp-content\/uploads\/beautiful-town-vrbnik-krk-island-croatia-aerial-view-stockpack-adobe-stock-768x512.webp 768w, https:\/\/croatia-tours.com\/wp-content\/uploads\/beautiful-town-vrbnik-krk-island-croatia-aerial-view-stockpack-adobe-stock-1536x1023.webp 1536w, https:\/\/croatia-tours.com\/wp-content\/uploads\/beautiful-town-vrbnik-krk-island-croatia-aerial-view-stockpack-adobe-stock-2048x1364.webp 2048w, https:\/\/croatia-tours.com\/wp-content\/uploads\/beautiful-town-vrbnik-krk-island-croatia-aerial-view-stockpack-adobe-stock-18x12.webp 18w, https:\/\/croatia-tours.com\/wp-content\/uploads\/beautiful-town-vrbnik-krk-island-croatia-aerial-view-stockpack-adobe-stock-scaled.webp 1920w\" sizes=\"auto, (max-width: 1024px) 100vw, 1024px\" \/><\/figure>\n\n\n\n<p>Imaginez : d'anciennes ruines romaines murmurant des histoires d'antan, de charmantes rues pav\u00e9es menant \u00e0 des restaurants accueillants servant des d\u00e9lices gastronomiques, et des plages o\u00f9 les galets et le sable jouent une symphonie sous vos pieds.&nbsp;<\/p>\n\n\n\n<p>Imaginez que vous vous perdiez dans la nature luxuriante de parcs nationaux dissimul\u00e9s, que vous partiez \u00e0 la d\u00e9couverte d'une \u00eele ou que votre c\u0153ur s'emballe au cours d'une aventure inattendue. C'est cela la Croatie, un joyau qui ne rentre dans aucune case.<\/p>\n\n\n\n<p>Mais voil\u00e0, notre agence de voyage en Croatie ne voulait pas que quiconque passe \u00e0 c\u00f4t\u00e9 d'une telle beaut\u00e9 et d'une telle richesse d'exp\u00e9riences. Nous ne voulions pas non plus qu'ils se sentent d\u00e9pass\u00e9s par la question de savoir par o\u00f9 commencer ou quoi explorer. C'est l\u00e0 que nous intervenons, pour rapprocher la Croatie de vous, pour mettre en lumi\u00e8re ses merveilles cach\u00e9es et pour veiller \u00e0 ce que vous puissiez <strong>vivre l'exp\u00e9rience de la mani\u00e8re la plus authentique possible<\/strong>.<\/p>\n\n\n\n<h2 class=\"wp-block-heading\">Rencontrer notre \u00e9quipe<\/h2>\n\n\n\n<p>Notre \u00e9quipe est compos\u00e9e de <strong>des professionnels du voyage chevronn\u00e9s<\/strong> qui, honn\u00eatement, connaissent la Croatie comme leur poche. Nous nous sommes aventur\u00e9s, nous avons explor\u00e9, nous avons \u00e9t\u00e9 fascin\u00e9s et nous sommes revenus pour repartir. Notre amour du voyage et nos exp\u00e9riences nous permettent de comprendre les attentes et les aspirations d'un voyageur passionn\u00e9.<\/p>\n\n\n\n<figure class=\"wp-block-image size-full\"><img loading=\"lazy\" decoding=\"async\" width=\"1000\" height=\"667\" src=\"https:\/\/croatia-tours.com\/wp-content\/uploads\/omis-zipline.webp\" alt=\"La tyrolienne d&#039;Omis\" class=\"wp-image-2082\" srcset=\"https:\/\/croatia-tours.com\/wp-content\/uploads\/omis-zipline.webp 1000w, https:\/\/croatia-tours.com\/wp-content\/uploads\/omis-zipline-300x200.webp 300w, https:\/\/croatia-tours.com\/wp-content\/uploads\/omis-zipline-768x512.webp 768w, https:\/\/croatia-tours.com\/wp-content\/uploads\/omis-zipline-18x12.webp 18w\" sizes=\"auto, (max-width: 1000px) 100vw, 1000px\" \/><\/figure>\n\n\n\n<p>Que faisons-nous ? Nous \u00e9laborons m\u00e9ticuleusement des itin\u00e9raires d\u00e9taill\u00e9s qui correspondent \u00e0 vos pr\u00e9f\u00e9rences, nous trouvons des h\u00e9bergements confortables, nous organisons des activit\u00e9s qui font monter l'adr\u00e9naline, nous organisons des transferts sans faille et nous assurons une assistance 24 heures sur 24. En r\u00e9sum\u00e9, <strong>nous prenons en charge toute la logistique de votre voyage<\/strong> afin que vous puissiez plonger t\u00eate la premi\u00e8re dans l'exp\u00e9rience croate en toute s\u00e9r\u00e9nit\u00e9.<\/p>\n\n\n\n<h2 class=\"wp-block-heading\">Embarquez pour une aventure croate<\/h2>\n\n\n\n<p>Il est temps de ranger votre carte et de laisser votre c\u0153ur vous guider. D'accord, gardez la carte, elle est toujours utile. Mais n'oubliez pas qu'il y a tellement plus \u00e0 d\u00e9couvrir hors des sentiers battus ! Nos circuits en Croatie, soigneusement s\u00e9lectionn\u00e9s, vous attendent, pr\u00eats \u00e0 vous raconter une histoire d'aventure, de culture et de beaut\u00e9 qui ne manquera pas de vous captiver.<\/p>\n\n\n\n<p>Permettez-nous de vous poser la question : Accepterez-vous de faire de la Croatie votre destination de voyage pr\u00e9f\u00e9r\u00e9e ? Rassurez-vous, c'est le genre d'engagement qui s'accompagne de plages magnifiques, d'une cuisine d\u00e9licieuse, de villes anciennes et d'aventures inoubliables !<\/p>\n\n\n\n<figure class=\"wp-block-image size-large\"><img loading=\"lazy\" decoding=\"async\" width=\"1024\" height=\"651\" src=\"https:\/\/croatia-tours.com\/wp-content\/uploads\/young-woman-looks-over-the-waterfalls-of-the-krka-river-in-krka-national-park-in-croatia-stockpack-adobe-stock-1024x651.webp\" alt=\"Une jeune femme regarde les chutes d&#039;eau de la rivi\u00e8re Krka dans le parc national de Krka en Croatie.\" class=\"wp-image-2020\" srcset=\"https:\/\/croatia-tours.com\/wp-content\/uploads\/young-woman-looks-over-the-waterfalls-of-the-krka-river-in-krka-national-park-in-croatia-stockpack-adobe-stock-1024x651.webp 1024w, https:\/\/croatia-tours.com\/wp-content\/uploads\/young-woman-looks-over-the-waterfalls-of-the-krka-river-in-krka-national-park-in-croatia-stockpack-adobe-stock-300x191.webp 300w, https:\/\/croatia-tours.com\/wp-content\/uploads\/young-woman-looks-over-the-waterfalls-of-the-krka-river-in-krka-national-park-in-croatia-stockpack-adobe-stock-768x488.webp 768w, https:\/\/croatia-tours.com\/wp-content\/uploads\/young-woman-looks-over-the-waterfalls-of-the-krka-river-in-krka-national-park-in-croatia-stockpack-adobe-stock-1536x976.webp 1536w, https:\/\/croatia-tours.com\/wp-content\/uploads\/young-woman-looks-over-the-waterfalls-of-the-krka-river-in-krka-national-park-in-croatia-stockpack-adobe-stock-2048x1302.webp 2048w, https:\/\/croatia-tours.com\/wp-content\/uploads\/young-woman-looks-over-the-waterfalls-of-the-krka-river-in-krka-national-park-in-croatia-stockpack-adobe-stock-18x12.webp 18w, https:\/\/croatia-tours.com\/wp-content\/uploads\/young-woman-looks-over-the-waterfalls-of-the-krka-river-in-krka-national-park-in-croatia-stockpack-adobe-stock-scaled.webp 1920w\" sizes=\"auto, (max-width: 1024px) 100vw, 1024px\" \/><\/figure>\n\n\n\n<p>Alors, rendez-vous sur le site <a href=\"https:\/\/croatia-tours.com\/fr\/forfaits-vacances\/\">Vacances en Croatie<\/a>Pour cela, jetez-y un coup d'\u0153il et commen\u00e7ons \u00e0 planifier ensemble le voyage de votre vie. Apr\u00e8s tout, n'est-il pas temps de rayer \"Tomber amoureux de la Croatie\" de votre liste de choses \u00e0 faire ? Nous le pensons aussi ! Remplissez notre <a href=\"https:\/\/croatia-tours.com\/fr\/enquete\/\">formulaire de demande de renseignements<\/a>et \u00e0 bient\u00f4t au pays des mille \u00eeles !<\/p>\n\n\n\n<p>Il existe \u00e9galement d'autres fa\u00e7ons de profiter de la Croatie, vous pouvez donc consulter nos partenaires si certains d'entre eux retiennent votre attention :<\/p>\n\n\n\n<ul class=\"wp-block-list\">\n<li><a href=\"https:\/\/activityholidayscroatia.com\/\">Vacances d'activit\u00e9s en Croatie<\/a><\/li>\n\n\n\n<li><a href=\"https:\/\/familyholidayscroatia.com\/\">Vacances en famille en Croatie<\/a><\/li>\n\n\n\n<li><a href=\"https:\/\/croatiaislandcruises.com\/\">Croisi\u00e8res sur les \u00eeles de Croatie<\/a><\/li>\n\n\n\n<li><a href=\"https:\/\/luxuryyachtchartercroatia.com\/\">Location de bateaux de luxe en Croatie<\/a><\/li>\n\n\n\n<li><a href=\"https:\/\/croatia-gulet.com\/\">Gulet Croatie<\/a><\/li>\n\n\n\n<li><a href=\"https:\/\/smallshipcruisescroatia.com\/\">Petites croisi\u00e8res en Croatie<\/a><\/li>\n\n\n\n<li><a href=\"https:\/\/bikeandboatcroatia.com\/\">V\u00e9lo et bateau Croatie<\/a><\/li>\n\n\n\n<li><a href=\"https:\/\/cyclingholidayscroatia.com\/\">Vacances \u00e0 v\u00e9lo en Croatie<\/a><\/li>\n\n\n\n<li><a href=\"https:\/\/walkingholidayscroatia.com\/\">Vacances \u00e0 pied en Croatie<\/a><\/li>\n<\/ul>\n\n\n\n<p>Si la destination ne correspond pas \u00e0 vos pr\u00e9f\u00e9rences, vous pouvez consulter nos partenaires dans d'autres pays :<\/p>\n\n\n\n<ul class=\"wp-block-list\">\n<li><a href=\"https:\/\/sloveniatours.com\/\">Voyages en Slov\u00e9nie<\/a><\/li>\n\n\n\n<li><a href=\"http:\/\/thescotlandtours.com\" data-type=\"link\" data-id=\"thescotlandtours.com\">Les circuits en \u00c9cosse<\/a><\/li>\n<\/ul>","protected":false},"excerpt":{"rendered":"<p>Depuis notre cr\u00e9ation en 2015, nous avons pris plaisir \u00e0 r\u00e9pandre notre amour du voyage et de l'exploration. Nous avons \u00e9t\u00e9 t\u00e9moins de la fa\u00e7on dont les voyages peuvent transformer les vies et illuminer les esprits, et nous nous engageons \u00e0 aider nos clients \u00e0 vivre ces moments de transformation, en particulier lorsqu'ils d\u00e9voilent la magie des pays qui nous tiennent \u00e0 c\u0153ur. La Croatie est l'un de ces pays... <a href=\"https:\/\/croatia-tours.com\/fr\/about-us\/\">Suite<\/a><\/p>","protected":false},"author":38,"featured_media":2170,"parent":0,"menu_order":0,"comment_status":"open","ping_status":"open","template":"","meta":{"footnotes":""},"class_list":["post-39","page","type-page","status-publish","has-post-thumbnail","hentry"],"acf":{"page_subheading":"Discover the passionate team behind our Croatia travel agency, committed to curating unforgettable travel adventures for people around the world since 2015."},"_links":{"self":[{"href":"https:\/\/croatia-tours.com\/fr\/wp-json\/wp\/v2\/pages\/39","targetHints":{"allow":["GET"]}}],"collection":[{"href":"https:\/\/croatia-tours.com\/fr\/wp-json\/wp\/v2\/pages"}],"about":[{"href":"https:\/\/croatia-tours.com\/fr\/wp-json\/wp\/v2\/types\/page"}],"author":[{"embeddable":true,"href":"https:\/\/croatia-tours.com\/fr\/wp-json\/wp\/v2\/users\/38"}],"replies":[{"embeddable":true,"href":"https:\/\/croatia-tours.com\/fr\/wp-json\/wp\/v2\/comments?post=39"}],"version-history":[{"count":5,"href":"https:\/\/croatia-tours.com\/fr\/wp-json\/wp\/v2\/pages\/39\/revisions"}],"predecessor-version":[{"id":10491,"href":"https:\/\/croatia-tours.com\/fr\/wp-json\/wp\/v2\/pages\/39\/revisions\/10491"}],"wp:featuredmedia":[{"embeddable":true,"href":"https:\/\/croatia-tours.com\/fr\/wp-json\/wp\/v2\/media\/2170"}],"wp:attachment":[{"href":"https:\/\/croatia-tours.com\/fr\/wp-json\/wp\/v2\/media?parent=39"}],"curies":[{"name":"wp","href":"https:\/\/api.w.org\/{rel}","templated":true}]}}