{"id":39,"date":"2023-01-16T13:14:25","date_gmt":"2023-01-16T13:14:25","guid":{"rendered":"https:\/\/croatia-tours.com\/about-us\/"},"modified":"2024-03-25T13:49:19","modified_gmt":"2024-03-25T13:49:19","slug":"uber-uns","status":"publish","type":"page","link":"https:\/\/croatia-tours.com\/de\/about-us\/","title":{"rendered":"\u00dcber uns"},"content":{"rendered":"<p>Seit unserer Gr\u00fcndung im <strong>2015<\/strong>haben wir es genossen, unsere Liebe zum Reisen und zur Entdeckung zu verbreiten. Wir haben erlebt, wie Reisen das Leben ver\u00e4ndern und den Geist erhellen k\u00f6nnen, und wir wollen unseren Kunden helfen, diese transformativen Momente zu erleben, vor allem, wenn sie den Zauber der L\u00e4nder enth\u00fcllen, die uns am Herzen liegen.<\/p>\n\n\n\n<p>Kroatien ist ein solches Land. Eingebettet an der Adria ist es ein Land, in dem Geschichte und Moderne aufeinandertreffen und die Sch\u00f6nheit der Natur an jeder Ecke Ehrfurcht hervorruft.<\/p>\n\n\n\n<figure class=\"wp-block-image size-large\"><img loading=\"lazy\" decoding=\"async\" width=\"1024\" height=\"682\" src=\"https:\/\/croatia-tours.com\/wp-content\/uploads\/beautiful-town-vrbnik-krk-island-croatia-aerial-view-stockpack-adobe-stock-1024x682.webp\" alt=\"Sch\u00f6ne Stadt Vrbnik, Insel Krk, Kroatien, Luftaufnahme\" class=\"wp-image-2133\" srcset=\"https:\/\/croatia-tours.com\/wp-content\/uploads\/beautiful-town-vrbnik-krk-island-croatia-aerial-view-stockpack-adobe-stock-1024x682.webp 1024w, https:\/\/croatia-tours.com\/wp-content\/uploads\/beautiful-town-vrbnik-krk-island-croatia-aerial-view-stockpack-adobe-stock-300x200.webp 300w, https:\/\/croatia-tours.com\/wp-content\/uploads\/beautiful-town-vrbnik-krk-island-croatia-aerial-view-stockpack-adobe-stock-768x512.webp 768w, https:\/\/croatia-tours.com\/wp-content\/uploads\/beautiful-town-vrbnik-krk-island-croatia-aerial-view-stockpack-adobe-stock-1536x1023.webp 1536w, https:\/\/croatia-tours.com\/wp-content\/uploads\/beautiful-town-vrbnik-krk-island-croatia-aerial-view-stockpack-adobe-stock-2048x1364.webp 2048w, https:\/\/croatia-tours.com\/wp-content\/uploads\/beautiful-town-vrbnik-krk-island-croatia-aerial-view-stockpack-adobe-stock-18x12.webp 18w, https:\/\/croatia-tours.com\/wp-content\/uploads\/beautiful-town-vrbnik-krk-island-croatia-aerial-view-stockpack-adobe-stock-scaled.webp 1920w\" sizes=\"auto, (max-width: 1024px) 100vw, 1024px\" \/><\/figure>\n\n\n\n<p>Stellen Sie sich vor: antike r\u00f6mische Ruinen, die Geschichten von einst erz\u00e4hlen, charmante Kopfsteinpflasterstra\u00dfen, die zu gem\u00fctlichen Lokalen f\u00fchren, die gastronomische K\u00f6stlichkeiten servieren, und Str\u00e4nde, an denen Kiesel und Sand eine Symphonie unter Ihren F\u00fc\u00dfen spielen.&nbsp;<\/p>\n\n\n\n<p>Oder stellen Sie sich vor, Sie w\u00fcrden sich in der \u00fcppigen Wildnis verborgener Nationalparks verirren, einen Inselhopping-Trip unternehmen oder vielleicht Ihr Herz bei einem unerwarteten Abenteuer h\u00f6her schlagen lassen. Das ist Kroatien f\u00fcr Sie, ein Juwel, das in keine Schublade passt.<\/p>\n\n\n\n<p>Aber unser Kroatien-Reiseb\u00fcro wollte nicht, dass irgendjemand diese Sch\u00f6nheit und diese reichen Erfahrungen verpasst. Wir wollen auch nicht, dass sie sich \u00fcberfordert f\u00fchlen, wenn sie nicht wissen, wo sie anfangen oder was sie erkunden sollen. Hier kommen wir ins Spiel, um Ihnen Kroatien n\u00e4her zu bringen, seine verborgenen Wunder zu erhellen und sicherzustellen, dass Sie <strong>sie auf m\u00f6glichst authentische Weise zu erleben<\/strong>.<\/p>\n\n\n\n<h2 class=\"wp-block-heading\">Treffen Sie unser Team<\/h2>\n\n\n\n<p>Unser Team besteht aus <strong>erfahrene Reiseprofis<\/strong> die, ehrlich gesagt, Kroatien wie ihre Westentasche kennen. Wir haben es gewagt, wir haben es erkundet, wir waren fasziniert, und wir sind zur\u00fcckgekehrt, nur um wieder aufzubrechen. Unsere Liebe zum Reisen und unsere Erfahrungen erm\u00f6glichen es uns, die Erwartungen und Sehns\u00fcchte eines begeisterten Reisenden zu verstehen.<\/p>\n\n\n\n<figure class=\"wp-block-image size-full\"><img loading=\"lazy\" decoding=\"async\" width=\"1000\" height=\"667\" src=\"https:\/\/croatia-tours.com\/wp-content\/uploads\/omis-zipline.webp\" alt=\"Omis Seilbahn\" class=\"wp-image-2082\" srcset=\"https:\/\/croatia-tours.com\/wp-content\/uploads\/omis-zipline.webp 1000w, https:\/\/croatia-tours.com\/wp-content\/uploads\/omis-zipline-300x200.webp 300w, https:\/\/croatia-tours.com\/wp-content\/uploads\/omis-zipline-768x512.webp 768w, https:\/\/croatia-tours.com\/wp-content\/uploads\/omis-zipline-18x12.webp 18w\" sizes=\"auto, (max-width: 1000px) 100vw, 1000px\" \/><\/figure>\n\n\n\n<p>Was tun wir? Wir erstellen detaillierte Reisepl\u00e4ne, die Ihren W\u00fcnschen entsprechen, sichern komfortable Unterk\u00fcnfte, organisieren adrenalingeladene Aktivit\u00e4ten, arrangieren reibungslose Transfers und bieten rund um die Uhr Unterst\u00fctzung. Kurz und gut, <strong>wir \u00fcbernehmen Ihre gesamte Reiselogistik<\/strong> So k\u00f6nnen Sie sich ganz unbesorgt in das kroatische Leben st\u00fcrzen.<\/p>\n\n\n\n<h2 class=\"wp-block-heading\">Begeben Sie sich auf ein kroatisches Abenteuer<\/h2>\n\n\n\n<p>Es ist an der Zeit, die Karte wegzulegen und dem Herzen den Weg zu zeigen. Okay, vielleicht behalten Sie die Karte, sie ist immer griffbereit. Aber denken Sie daran, dass es abseits des Rasters noch so viel mehr zu entdecken gibt! Unsere sorgf\u00e4ltig zusammengestellten Kroatien-Touren warten auf Sie, um Ihnen eine Geschichte voller Abenteuer, Kultur und Sch\u00f6nheit zu erz\u00e4hlen, die Sie in ihren Bann ziehen wird.<\/p>\n\n\n\n<p>Erlauben Sie uns, die Frage zu stellen: Werden Sie Kroatien zu Ihrem geliebten Reiseziel machen? Seien Sie versichert, dass es die Art von Engagement ist, die mit atemberaubenden Str\u00e4nden, k\u00f6stlicher K\u00fcche, alten St\u00e4dten und unvergesslichen Abenteuern einhergeht!<\/p>\n\n\n\n<figure class=\"wp-block-image size-large\"><img loading=\"lazy\" decoding=\"async\" width=\"1024\" height=\"651\" src=\"https:\/\/croatia-tours.com\/wp-content\/uploads\/young-woman-looks-over-the-waterfalls-of-the-krka-river-in-krka-national-park-in-croatia-stockpack-adobe-stock-1024x651.webp\" alt=\"Junge Frau blickt auf die Wasserf\u00e4lle des Flusses Krka im Krka-Nationalpark in Kroatien\" class=\"wp-image-2020\" srcset=\"https:\/\/croatia-tours.com\/wp-content\/uploads\/young-woman-looks-over-the-waterfalls-of-the-krka-river-in-krka-national-park-in-croatia-stockpack-adobe-stock-1024x651.webp 1024w, https:\/\/croatia-tours.com\/wp-content\/uploads\/young-woman-looks-over-the-waterfalls-of-the-krka-river-in-krka-national-park-in-croatia-stockpack-adobe-stock-300x191.webp 300w, https:\/\/croatia-tours.com\/wp-content\/uploads\/young-woman-looks-over-the-waterfalls-of-the-krka-river-in-krka-national-park-in-croatia-stockpack-adobe-stock-768x488.webp 768w, https:\/\/croatia-tours.com\/wp-content\/uploads\/young-woman-looks-over-the-waterfalls-of-the-krka-river-in-krka-national-park-in-croatia-stockpack-adobe-stock-1536x976.webp 1536w, https:\/\/croatia-tours.com\/wp-content\/uploads\/young-woman-looks-over-the-waterfalls-of-the-krka-river-in-krka-national-park-in-croatia-stockpack-adobe-stock-2048x1302.webp 2048w, https:\/\/croatia-tours.com\/wp-content\/uploads\/young-woman-looks-over-the-waterfalls-of-the-krka-river-in-krka-national-park-in-croatia-stockpack-adobe-stock-18x12.webp 18w, https:\/\/croatia-tours.com\/wp-content\/uploads\/young-woman-looks-over-the-waterfalls-of-the-krka-river-in-krka-national-park-in-croatia-stockpack-adobe-stock-scaled.webp 1920w\" sizes=\"auto, (max-width: 1024px) 100vw, 1024px\" \/><\/figure>\n\n\n\n<p>Also, gehen Sie r\u00fcber zu <a href=\"https:\/\/croatia-tours.com\/de\/urlaubspakete\/\">Kroatien-Urlaubspakete<\/a>Werfen Sie einen Blick darauf, und lassen Sie uns gemeinsam die Reise Ihres Lebens planen. Ist es nicht an der Zeit, dass Sie \"Verliebt in Kroatien\" auf Ihrer Liste abhaken? Das finden wir auch! F\u00fcllen Sie unser <a href=\"https:\/\/croatia-tours.com\/de\/anfrage\/\">Anfrageformular<\/a>und bis bald im Land der tausend Inseln!<\/p>\n\n\n\n<p>Es gibt auch noch andere M\u00f6glichkeiten, Kroatien zu genie\u00dfen. Schauen Sie sich unsere Partner an, wenn Sie auf etwas aufmerksam geworden sind:<\/p>\n\n\n\n<ul class=\"wp-block-list\">\n<li><a href=\"https:\/\/activityholidayscroatia.com\/\">Aktivurlaub Kroatien<\/a><\/li>\n\n\n\n<li><a href=\"https:\/\/familyholidayscroatia.com\/\">Familienurlaub Kroatien<\/a><\/li>\n\n\n\n<li><a href=\"https:\/\/croatiaislandcruises.com\/\">Kroatien Inselkreuzfahrten<\/a><\/li>\n\n\n\n<li><a href=\"https:\/\/luxuryyachtchartercroatia.com\/\">Luxusyachtcharter Kroatien<\/a><\/li>\n\n\n\n<li><a href=\"https:\/\/croatia-gulet.com\/\">Kroatien Gulet<\/a><\/li>\n\n\n\n<li><a href=\"https:\/\/smallshipcruisescroatia.com\/\">Kleine Schiffskreuzfahrten Kroatien<\/a><\/li>\n\n\n\n<li><a href=\"https:\/\/bikeandboatcroatia.com\/\">Fahrrad und Boot Kroatien<\/a><\/li>\n\n\n\n<li><a href=\"https:\/\/cyclingholidayscroatia.com\/\">Fahrradurlaub Kroatien<\/a><\/li>\n\n\n\n<li><a href=\"https:\/\/walkingholidayscroatia.com\/\">Wanderurlaub Kroatien<\/a><\/li>\n<\/ul>\n\n\n\n<p>Wenn das Reiseziel nicht Ihren W\u00fcnschen entspricht, k\u00f6nnen Sie auch unsere Partner in anderen L\u00e4ndern besuchen:<\/p>\n\n\n\n<ul class=\"wp-block-list\">\n<li><a href=\"https:\/\/sloveniatours.com\/\">Slowenien Touren<\/a><\/li>\n\n\n\n<li><a href=\"http:\/\/thescotlandtours.com\" data-type=\"link\" data-id=\"thescotlandtours.com\">Die Schottland-Touren<\/a><\/li>\n<\/ul>","protected":false},"excerpt":{"rendered":"<p>Seit unserer Gr\u00fcndung im Jahr 2015 haben wir es genossen, unsere Liebe zum Reisen und Erkunden zu verbreiten. Wir haben erlebt, wie Reisen das Leben ver\u00e4ndern und den Geist erhellen k\u00f6nnen, und wir m\u00f6chten unseren Kunden helfen, diese transformativen Momente zu erleben, vor allem, wenn sie den Zauber von L\u00e4ndern enth\u00fcllen, die uns am Herzen liegen. Kroatien ist ein solches ... <a href=\"https:\/\/croatia-tours.com\/de\/about-us\/\">Fortsetzung<\/a><\/p>","protected":false},"author":38,"featured_media":2170,"parent":0,"menu_order":0,"comment_status":"open","ping_status":"open","template":"","meta":{"footnotes":""},"class_list":["post-39","page","type-page","status-publish","has-post-thumbnail","hentry"],"acf":{"page_subheading":"Discover the passionate team behind our Croatia travel agency, committed to curating unforgettable travel adventures for people around the world since 2015."},"_links":{"self":[{"href":"https:\/\/croatia-tours.com\/de\/wp-json\/wp\/v2\/pages\/39","targetHints":{"allow":["GET"]}}],"collection":[{"href":"https:\/\/croatia-tours.com\/de\/wp-json\/wp\/v2\/pages"}],"about":[{"href":"https:\/\/croatia-tours.com\/de\/wp-json\/wp\/v2\/types\/page"}],"author":[{"embeddable":true,"href":"https:\/\/croatia-tours.com\/de\/wp-json\/wp\/v2\/users\/38"}],"replies":[{"embeddable":true,"href":"https:\/\/croatia-tours.com\/de\/wp-json\/wp\/v2\/comments?post=39"}],"version-history":[{"count":5,"href":"https:\/\/croatia-tours.com\/de\/wp-json\/wp\/v2\/pages\/39\/revisions"}],"predecessor-version":[{"id":10491,"href":"https:\/\/croatia-tours.com\/de\/wp-json\/wp\/v2\/pages\/39\/revisions\/10491"}],"wp:featuredmedia":[{"embeddable":true,"href":"https:\/\/croatia-tours.com\/de\/wp-json\/wp\/v2\/media\/2170"}],"wp:attachment":[{"href":"https:\/\/croatia-tours.com\/de\/wp-json\/wp\/v2\/media?parent=39"}],"curies":[{"name":"wp","href":"https:\/\/api.w.org\/{rel}","templated":true}]}}